{"id":931,"date":"2025-08-22T15:31:39","date_gmt":"2025-08-22T21:31:39","guid":{"rendered":"https:\/\/videoprodigital.com\/?page_id=931"},"modified":"2025-08-27T09:02:56","modified_gmt":"2025-08-27T15:02:56","slug":"servicios-2","status":"publish","type":"page","link":"https:\/\/videoprodigital.com\/index.php\/servicios-2\/","title":{"rendered":"Servicios"},"content":{"rendered":"\n<div class=\"wp-block-stackable-columns alignfull stk-block-columns stk-block stk-cf247fd stk-block-background stk--has-background-overlay\" data-block-id=\"cf247fd\"><style>.stk-cf247fd {background-color:var(u002du002dtheme-palette-color-4, #000000) !important;background-image:url(https:\/\/videoprodigital.com\/wp-content\/uploads\/2025\/08\/servicios-2-2.png) !important;background-position:top center !important;padding-top:310px !important;padding-right:35px !important;padding-bottom:180px !important;padding-left:35px !important;margin-bottom:0px !important;}.stk-cf247fd:before{background-color:var(u002du002dtheme-palette-color-4, #000000) !important;opacity:0 !important;}@media screen and (max-width:999px){.stk-cf247fd {padding-top:210px !important;padding-bottom:140px !important;}}<\/style><div class=\"stk-row stk-inner-blocks has-text-align-center stk-block-content stk-content-align stk-cf247fd-column\">\n<div class=\"wp-block-stackable-column stk-block-column stk-column stk-block stk-1d93b9f\" data-v=\"4\" data-block-id=\"1d93b9f\"><style>.stk-1d93b9f-container{margin-top:0px !important;margin-right:0px !important;margin-bottom:0px !important;margin-left:0px !important;}<\/style><div class=\"stk-column-wrapper stk-block-column__content stk-container stk-1d93b9f-container stk--no-background stk--no-padding\"><div class=\"stk-block-content stk-inner-blocks stk-1d93b9f-inner-blocks\">\n<div class=\"wp-block-stackable-heading stk-block-heading stk-block-heading--v2 stk-block stk-436ce8b\" id=\"servicios\" data-block-id=\"436ce8b\"><style>.stk-436ce8b .stk-block-heading__top-line{height:4px !important;}.stk-436ce8b {box-shadow:none !important;border-style:solid !important;border-top-width:0px !important;border-right-width:0px !important;border-bottom-width:0px !important;border-left-width:0px !important;margin-bottom:20px !important;}.stk-436ce8b .stk-block-heading__text{text-shadow:none !important;font-size:70px !important;color:var(u002du002dtheme-palette-color-8, #ffffff) !important;line-height:1em !important;font-weight:800 !important;}@media screen and (max-width:999px){.stk-436ce8b .stk-block-heading__text{font-size:50px !important;}}<\/style><h2 class=\"stk-block-heading__text has-text-color has-palette-color-8-color\">Servicios<\/h2><\/div>\n\n\n\n<div class=\"wp-block-stackable-text stk-block-text stk-block stk-ad51fb0\" data-block-id=\"ad51fb0\"><style>.stk-ad51fb0 {box-shadow:none !important;border-color:#000000 !important;max-width:55% !important;min-width:auto !important;margin-right:auto !important;margin-left:auto !important;}.stk-ad51fb0 .stk-block-text__text{text-shadow:none !important;color:var(u002du002dtheme-palette-color-8, #ffffff) !important;}@media screen and (max-width:999px){.stk-ad51fb0 {max-width:100% !important;min-width:auto !important;}}<\/style><p class=\"stk-block-text__text has-text-color has-palette-color-8-color has-text-align-center\">\u00a1Bienvenidos!<br><br>En nuestra empresa, nos dedicamos a ofrecer servicios de publicidad personalizados que se adaptan a las necesidades espec\u00edficas de cada cliente. Estamos aqu\u00ed para hacer crecer su negocio y llevar su mensaje al siguiente nivel. \u00a1Cont\u00e1ctenos y comencemos a trabajar juntos<strong>!&nbsp;<\/strong><\/p><\/div>\n<\/div><\/div><\/div>\n<\/div><\/div>\n\n\n\n<div class=\"wp-block-stackable-spacer stk-block-spacer stk--no-padding stk-block stk-6090630\" data-block-id=\"6090630\"><style>.stk-6090630 {height:50px !important;}@media screen and (max-width:999px){.stk-6090630 {height:90px !important;}}<\/style><\/div>\n\n\n\n<div class=\"wp-block-stackable-columns stk-block-columns stk-block stk-42e9779\" data-block-id=\"42e9779\"><style>.stk-42e9779 {margin-bottom:0px !important;}.stk-42e9779-column{--stk-column-gap:50px !important;row-gap:50px !important;}<\/style><div class=\"stk-row stk-inner-blocks stk-block-content stk-content-align stk-42e9779-column\">\n<div class=\"wp-block-stackable-column stk-block-column stk-column stk-block stk-1e0e313\" data-v=\"4\" data-block-id=\"1e0e313\"><style>.stk-1e0e313-container{margin-top:0px !important;margin-right:0px !important;margin-bottom:0px !important;margin-left:0px !important;}<\/style><div class=\"stk-column-wrapper stk-block-column__content stk-container stk-1e0e313-container stk--no-background stk--no-padding\"><div class=\"has-text-align-center stk-block-content stk-inner-blocks stk-1e0e313-inner-blocks\">\n<div class=\"wp-block-stackable-heading stk-block-heading stk-block-heading--v2 stk-block stk-65958f7\" id=\"video-y-animacion\" data-block-id=\"65958f7\"><style>.stk-65958f7 {margin-bottom:15px !important;}.stk-65958f7 .stk-block-heading__text{line-height:1.5em !important;}<\/style><h4 class=\"stk-block-heading__text\">Video y Animaci\u00f3n<\/h4><\/div>\n\n\n\n<p class=\"has-text-align-left\">Creamos y desarrollamos spots para televisi\u00f3n y redes sociales donde combinamos creatividad y t\u00e9cnica como el stop motion, para dar vida a objetos inanimados, y animaci\u00f3n 2D con un estilo vibrante y din\u00e1mico. Igualmente utilizamos la  animaci\u00f3n 3D para ofrecer profundidad y realismo. Estas t\u00e9cnicas no solo comunican mensajes, sino que tambi\u00e9n generan emociones, conectando con el p\u00fablico de formas memorables. Cada spot es una oportunidad para innovar y dejar una huella duradera. Tambi\u00e9n creamos y grabamos documentales y eventos sociales. Aqu\u00ed les presentamos algunas muestras:<\/p>\n\n\n\n<div class=\"wp-block-stackable-columns stk-block-columns stk-block stk-c62ad00\" data-block-id=\"c62ad00\"><div class=\"stk-row stk-inner-blocks stk-block-content stk-content-align stk-c62ad00-column\">\n<div class=\"wp-block-stackable-column stk-block-column stk-column stk-block stk-e7eb3b8\" data-v=\"4\" data-block-id=\"e7eb3b8\"><style>@media screen and (min-width:690px){.stk-e7eb3b8 {flex:var(--stk-flex-grow, 1) 1 25% !important;}}<\/style><div class=\"stk-column-wrapper stk-block-column__content stk-container stk-e7eb3b8-container stk--no-background stk--no-padding\"><div class=\"has-text-align-center stk-block-content stk-inner-blocks stk-e7eb3b8-inner-blocks\">\n<figure class=\"wp-block-image size-full\"><a href=\"https:\/\/www.youtube.com\/watch?v=NYQ6ZW-nJfo\" target=\"_blank\" rel=\" noreferrer noopener\"><img loading=\"lazy\" decoding=\"async\" width=\"122\" height=\"69\" src=\"https:\/\/videoprodigital.com\/wp-content\/uploads\/2025\/08\/Screenshot-2025-08-22-at-6.56.57-PM-1.png\" alt=\"\" class=\"wp-image-953\"\/><\/a><\/figure>\n\n\n\n<div class=\"wp-block-stackable-spacer stk-block-spacer stk--no-padding stk-block stk-d104746\" data-block-id=\"d104746\"><style>.stk-d104746 {height:25px !important;}<\/style><\/div>\n\n\n\n<figure class=\"wp-block-image size-full\"><a href=\"https:\/\/www.youtube.com\/watch?v=x-ujwOnjPg4\" target=\"_blank\" rel=\" noreferrer noopener\"><img loading=\"lazy\" decoding=\"async\" width=\"122\" height=\"69\" src=\"https:\/\/videoprodigital.com\/wp-content\/uploads\/2025\/08\/Screenshot-2025-08-22-at-6.56.45-PM.png\" alt=\"\" class=\"wp-image-952\"\/><\/a><\/figure>\n<\/div><\/div><\/div>\n\n\n\n<div class=\"wp-block-stackable-column stk-block-column stk-column stk-block stk-98876b0\" data-v=\"4\" data-block-id=\"98876b0\"><style>@media screen and (min-width:690px){.stk-98876b0 {flex:var(--stk-flex-grow, 1) 1 25% !important;}}<\/style><div class=\"stk-column-wrapper stk-block-column__content stk-container stk-98876b0-container stk--no-background stk--no-padding\"><div class=\"has-text-align-center stk-block-content stk-inner-blocks stk-98876b0-inner-blocks\">\n<figure class=\"wp-block-image size-full is-resized\"><a href=\"https:\/\/www.youtube.com\/watch?v=2HU7sgLEPXk\" target=\"_blank\" rel=\" noreferrer noopener\"><img loading=\"lazy\" decoding=\"async\" width=\"122\" height=\"69\" src=\"https:\/\/videoprodigital.com\/wp-content\/uploads\/2025\/08\/Screenshot-2025-08-22-at-6.58.25-PM-1.png\" alt=\"\" class=\"wp-image-966\" style=\"width:122px;height:auto\"\/><\/a><\/figure>\n\n\n\n<div class=\"wp-block-stackable-spacer stk-block-spacer stk--no-padding stk-block stk-7b06844\" data-block-id=\"7b06844\"><style>.stk-7b06844 {height:25px !important;}<\/style><\/div>\n\n\n\n<figure class=\"wp-block-image size-full\"><a href=\"https:\/\/www.youtube.com\/watch?v=IcDIEhTB1ak\" target=\"_blank\" rel=\" noreferrer noopener\"><img loading=\"lazy\" decoding=\"async\" width=\"121\" height=\"69\" src=\"https:\/\/videoprodigital.com\/wp-content\/uploads\/2025\/08\/Screenshot-2025-08-22-at-7.31.45-PM.png\" alt=\"\" class=\"wp-image-959\"\/><\/a><\/figure>\n<\/div><\/div><\/div>\n\n\n\n<div class=\"wp-block-stackable-column stk-block-column stk-column stk-block stk-60a9254\" data-v=\"4\" data-block-id=\"60a9254\"><style>@media screen and (min-width:690px){.stk-60a9254 {flex:var(--stk-flex-grow, 1) 1 25% !important;}}<\/style><div class=\"stk-column-wrapper stk-block-column__content stk-container stk-60a9254-container stk--no-background stk--no-padding\"><div class=\"stk-block-content stk-inner-blocks stk-60a9254-inner-blocks\">\n<figure class=\"wp-block-image size-full is-resized\"><a href=\"https:\/\/www.youtube.com\/watch?v=CQs5L0uXMPE\" target=\"_blank\" rel=\" noreferrer noopener\"><img loading=\"lazy\" decoding=\"async\" width=\"122\" height=\"69\" src=\"https:\/\/videoprodigital.com\/wp-content\/uploads\/2025\/08\/Screenshot-2025-08-22-at-6.56.24-PM.png\" alt=\"\" class=\"wp-image-954\" style=\"width:122px;height:auto\"\/><\/a><\/figure>\n\n\n\n<div class=\"wp-block-stackable-spacer stk-block-spacer stk--no-padding stk-block stk-a082ea7\" data-block-id=\"a082ea7\"><style>.stk-a082ea7 {height:25px !important;}<\/style><\/div>\n\n\n\n<figure class=\"wp-block-image size-full\"><a href=\"https:\/\/www.youtube.com\/watch?v=tzZcqJwgpEU\" target=\"_blank\" rel=\" noreferrer noopener\"><img loading=\"lazy\" decoding=\"async\" width=\"121\" height=\"69\" src=\"https:\/\/videoprodigital.com\/wp-content\/uploads\/2025\/08\/Screenshot-2025-08-22-at-7.32.06-PM.png\" alt=\"\" class=\"wp-image-960\"\/><\/a><\/figure>\n<\/div><\/div><\/div>\n\n\n\n<div class=\"wp-block-stackable-column stk-block-column stk-column stk-block stk-5a6b51b\" data-v=\"4\" data-block-id=\"5a6b51b\"><style>@media screen and (min-width:690px){.stk-5a6b51b {flex:var(--stk-flex-grow, 1) 1 25% !important;}}<\/style><div class=\"stk-column-wrapper stk-block-column__content stk-container stk-5a6b51b-container stk--no-background stk--no-padding\"><div class=\"stk-block-content stk-inner-blocks stk-5a6b51b-inner-blocks\">\n<figure class=\"wp-block-image size-full is-resized\"><a href=\"https:\/\/www.youtube.com\/watch?v=470F2ITre0Y\" target=\"_blank\" rel=\" noreferrer noopener\"><img loading=\"lazy\" decoding=\"async\" width=\"122\" height=\"69\" src=\"https:\/\/videoprodigital.com\/wp-content\/uploads\/2025\/08\/Screenshot-2025-08-22-at-6.57.09-PM-1.png\" alt=\"\" class=\"wp-image-950\" style=\"width:122px;height:auto\"\/><\/a><\/figure>\n\n\n\n<div class=\"wp-block-stackable-spacer stk-block-spacer stk--no-padding stk-block stk-ff11ca7\" data-block-id=\"ff11ca7\"><style>.stk-ff11ca7 {height:25px !important;}<\/style><\/div>\n\n\n\n<figure class=\"wp-block-image size-full\"><a href=\"https:\/\/www.youtube.com\/watch?v=tVvpOaUNE3s\" target=\"_blank\" rel=\" noreferrer noopener\"><img loading=\"lazy\" decoding=\"async\" width=\"122\" height=\"69\" src=\"https:\/\/videoprodigital.com\/wp-content\/uploads\/2025\/08\/Screenshot-2025-08-22-at-7.49.39-PM-1.png\" alt=\"\" class=\"wp-image-965\"\/><\/a><\/figure>\n<\/div><\/div><\/div>\n<\/div><\/div>\n<\/div><\/div><\/div>\n<\/div><\/div>\n\n\n\n<div class=\"wp-block-stackable-spacer stk-block-spacer stk--no-padding stk-block stk-b53b987\" data-block-id=\"b53b987\"><style>.stk-b53b987 {height:26px !important;}@media screen and (max-width:999px){.stk-b53b987 {height:100px !important;}}<\/style><\/div>\n\n\n\n<div class=\"wp-block-stackable-columns stk-block-columns stk-block stk-9dedec1\" data-block-id=\"9dedec1\"><style>.stk-9dedec1 {margin-bottom:18px !important;}.stk-9dedec1-column{--stk-column-gap:50px !important;row-gap:50px !important;}<\/style><div class=\"stk-row stk-inner-blocks stk-block-content stk-content-align stk-9dedec1-column\">\n<div class=\"wp-block-stackable-column stk-block-column stk-column stk-block stk-20a795f\" data-v=\"4\" data-block-id=\"20a795f\"><style>.stk-20a795f-container{margin-top:0px !important;margin-right:0px !important;margin-bottom:0px !important;margin-left:0px !important;}.stk-20a795f {align-self:center !important;}<\/style><div class=\"stk-column-wrapper stk-block-column__content stk-container stk-20a795f-container stk--no-background stk--no-padding\"><div class=\"stk-block-content stk-inner-blocks stk-20a795f-inner-blocks\">\n<div class=\"wp-block-stackable-heading stk-block-heading stk-block-heading--v2 stk-block stk-406e1c3\" id=\"impresos\" data-block-id=\"406e1c3\"><style>.stk-406e1c3 {margin-bottom:15px !important;}.stk-406e1c3 .stk-block-heading__text{line-height:1.5em !important;}<\/style><h4 class=\"stk-block-heading__text has-text-align-center\">Impresos<\/h4><\/div>\n\n\n\n<p>La impresi\u00f3n ha evolucionado de manera fascinante, destacando un m\u00e9todo muy popular, la impresi\u00f3n digital, la cual es r\u00e1pida y vers\u00e1til, ideal para tiradas cortas. Con esta t\u00e9cnica podemos imprimir lonas, vinilos, p\u00f3sters, tarjetas y tambi\u00e9n ofrecemos lo m\u00e1s novedoso en  impresi\u00f3n el DTF textil y DTF UV. Igualmente hacemos impresi\u00f3n por sublimaci\u00f3n, serigraf\u00eda y bordados. Por otro lado esta la impresi\u00f3n offset que tambi\u00e9n ofrecemos con una calidad excepcional para grandes vol\u00famenes. Ambos m\u00e9todos tienen su encanto y aplicaci\u00f3n, adapt\u00e1ndose a las necesidades del cliente. Elegir entre ellos depende del proyecto, pero ambos brindan resultados maravillosos que dan vida a ideas y creatividad. \u00a1Una verdadera magia en el mundo de la impresi\u00f3n!. Aqu\u00ed encontrar\u00e1 muestras de nuestros trabajos:<\/p>\n<\/div><\/div><\/div>\n<\/div><\/div>\n\n\n\n<div class=\"wp-block-stackable-columns stk-block-columns stk-block stk-ca1acb8\" data-block-id=\"ca1acb8\"><style>.stk-ca1acb8 {margin-bottom:43px !important;}<\/style><div class=\"stk-row stk-inner-blocks stk-block-content stk-content-align stk-ca1acb8-column\">\n<div class=\"wp-block-stackable-column stk-block-column stk-column stk-block stk-ac58def\" data-v=\"4\" data-block-id=\"ac58def\"><div class=\"stk-column-wrapper stk-block-column__content stk-container stk-ac58def-container stk--no-background stk--no-padding\"><div class=\"stk-block-content stk-inner-blocks stk-ac58def-inner-blocks\">\n<div class=\"wp-block-stackable-columns stk-block-columns stk-block stk-88bfb49\" data-block-id=\"88bfb49\"><style>.stk-88bfb49 {margin-bottom:12px !important;}<\/style><div class=\"stk-row stk-inner-blocks stk-block-content stk-content-align stk-88bfb49-column\">\n<div class=\"wp-block-stackable-column stk-block-column stk-column stk-block stk-d8178b0\" data-v=\"4\" data-block-id=\"d8178b0\"><style>@media screen and (min-width:690px){.stk-d8178b0 {flex:var(--stk-flex-grow, 1) 1 25% !important;}}<\/style><div class=\"stk-column-wrapper stk-block-column__content stk-container stk-d8178b0-container stk--no-background stk--no-padding\"><div class=\"stk-block-content stk-inner-blocks stk-d8178b0-inner-blocks\">\n<div class=\"wp-block-stackable-image stk-block-image stk-block stk-63febc0\" data-block-id=\"63febc0\"><style>.stk-63febc0 .stk-img-wrapper{width:200px !important;}<\/style><figure><span class=\"stk-img-wrapper stk-image--shape-stretch\"><img loading=\"lazy\" decoding=\"async\" class=\"stk-img wp-image-1017\" src=\"https:\/\/videoprodigital.com\/wp-content\/uploads\/2025\/08\/Lona_belleza-2-2.jpg\" width=\"150\" height=\"161\"\/><\/span><\/figure><\/div>\n\n\n\n<div class=\"wp-block-stackable-text stk-block-text stk-block stk-a33510c\" data-block-id=\"a33510c\"><p class=\"stk-block-text__text has-text-align-center\">Lonas, vinilos, tarjetas, volantes DTF textil, DTF UV<\/p><\/div>\n<\/div><\/div><\/div>\n\n\n\n<div class=\"wp-block-stackable-column stk-block-column stk-column stk-block stk-88c534c\" data-v=\"4\" data-block-id=\"88c534c\"><style>@media screen and (min-width:690px){.stk-88c534c {flex:var(--stk-flex-grow, 1) 1 25% !important;}}<\/style><div class=\"stk-column-wrapper stk-block-column__content stk-container stk-88c534c-container stk--no-background stk--no-padding\"><div class=\"stk-block-content stk-inner-blocks stk-88c534c-inner-blocks\">\n<div class=\"wp-block-stackable-image stk-block-image stk-block stk-e305eb0\" data-block-id=\"e305eb0\"><\/div>\n\n\n\n<div class=\"wp-block-stackable-text stk-block-text stk-block stk-f19c778\" data-block-id=\"f19c778\"><p class=\"stk-block-text__text has-text-align-center\">Rotulaci\u00f3n digital<\/p><\/div>\n<\/div><\/div><\/div>\n\n\n\n<div class=\"wp-block-stackable-column stk-block-column stk-column stk-block stk-d0983c8\" data-v=\"4\" data-block-id=\"d0983c8\"><style>@media screen and (min-width:690px){.stk-d0983c8 {flex:var(--stk-flex-grow, 1) 1 25% !important;}}<\/style><div class=\"stk-column-wrapper stk-block-column__content stk-container stk-d0983c8-container stk--no-background stk--no-padding\"><div class=\"stk-block-content stk-inner-blocks stk-d0983c8-inner-blocks\">\n<div class=\"wp-block-stackable-image stk-block-image stk-block stk-68f7f8c\" data-block-id=\"68f7f8c\"><\/div>\n\n\n\n<div class=\"wp-block-stackable-text stk-block-text stk-block stk-2a86373\" data-block-id=\"2a86373\"><p class=\"stk-block-text__text has-text-align-center\">Serigraf\u00eda, sublimaci\u00f3n y bordados<\/p><\/div>\n<\/div><\/div><\/div>\n\n\n\n<div class=\"wp-block-stackable-column stk-block-column stk-column stk-block stk-ae21913\" data-v=\"4\" data-block-id=\"ae21913\"><style>@media screen and (min-width:690px){.stk-ae21913 {flex:var(--stk-flex-grow, 1) 1 25% !important;}}<\/style><div class=\"stk-column-wrapper stk-block-column__content stk-container stk-ae21913-container stk--no-background stk--no-padding\"><div class=\"stk-block-content stk-inner-blocks stk-ae21913-inner-blocks\">\n<div class=\"wp-block-stackable-image stk-block-image stk-block stk-b4a7e55\" data-block-id=\"b4a7e55\"><\/div>\n\n\n\n<div class=\"wp-block-stackable-text stk-block-text stk-block stk-46ec197\" data-block-id=\"46ec197\"><p class=\"stk-block-text__text has-text-align-center\">Offset<\/p><\/div>\n<\/div><\/div><\/div>\n<\/div><\/div>\n<\/div><\/div><\/div>\n<\/div><\/div>\n\n\n\n<p><\/p>\n","protected":false},"excerpt":{"rendered":"<p>Servicios \u00a1Bienvenidos! En nuestra empresa, nos dedicamos a ofrecer servicios de publicidad personalizados que se adaptan a las necesidades espec\u00edficas de cada cliente. Estamos aqu\u00ed para hacer crecer su negocio y llevar su mensaje al siguiente nivel. \u00a1Cont\u00e1ctenos y comencemos a trabajar juntos!&nbsp; Video y Animaci\u00f3n Creamos y desarrollamos spots para televisi\u00f3n y redes sociales [&hellip;]<\/p>\n","protected":false},"author":1,"featured_media":0,"parent":0,"menu_order":0,"comment_status":"closed","ping_status":"closed","template":"","meta":{"footnotes":""},"class_list":["post-931","page","type-page","status-publish","hentry"],"blocksy_meta":{"page_title_panel":"","has_hero_section":"disabled","ad325afbbb787ae7bf99ddf317024bd4":"","hero_section":"type-1","hero_elements":[{"id":"custom_title","enabled":true,"heading_tag":"h1","title":"Home"},{"id":"custom_description","enabled":true,"description_visibility":{"desktop":true,"tablet":true,"mobile":false}},{"id":"custom_meta","enabled":false,"meta_elements":[{"id":"author","enabled":true,"label":"By","has_author_avatar":"yes","avatar_size":25},{"id":"post_date","enabled":true,"label":"On","date_format_source":"default","date_format":"M j, Y"},{"id":"updated_date","enabled":false,"label":"On","date_format_source":"default","date_format":"M j, Y"},{"id":"categories","enabled":false,"label":"In","style":"simple"},{"id":"comments","enabled":true}],"page_meta_elements":{"joined":true,"articles_count":true,"comments":true}},{"id":"breadcrumbs","enabled":false}],"54c8ca3814d29b28b0c1ac8150b2e42a":"","hero_alignment1":"CT_CSS_SKIP_RULE","hero_margin":40,"hero_alignment2":"center","hero_vertical_alignment":"center","c595936b744da3de4c4f7a667f390c24":"","hero_structure":"narrow","a2b35d92272003fc7b6d404bbfd83b26":"","page_title_bg_type":"featured_image","custom_hero_background":{"attachment_id":null},"parallax":{"desktop":false,"tablet":false,"mobile":false},"cd2fa6ec3f8f5e7167d75079debcf8d0":"","hero_height":"250px","pageTitleFont":{"family":"Default","variation":"Default","size":"30px","line-height":"CT_CSS_SKIP_RULE","letter-spacing":"CT_CSS_SKIP_RULE","text-transform":"CT_CSS_SKIP_RULE","text-decoration":"CT_CSS_SKIP_RULE"},"pageTitleFontColor":{"default":{"color":"CT_CSS_SKIP_RULEDEFAULT"}},"pageMetaFont":{"family":"Default","variation":"n6","size":"12px","line-height":"1.3","letter-spacing":"CT_CSS_SKIP_RULE","text-transform":"uppercase","text-decoration":"CT_CSS_SKIP_RULE"},"pageMetaFontColor":{"default":{"color":"CT_CSS_SKIP_RULEDEFAULT"},"hover":{"color":"CT_CSS_SKIP_RULEDEFAULT"}},"page_meta_button_type_font_colors":{"default":{"color":"CT_CSS_SKIP_RULEDEFAULT"},"hover":{"color":"CT_CSS_SKIP_RULEDEFAULT"}},"page_meta_button_type_background_colors":{"default":{"color":"CT_CSS_SKIP_RULEDEFAULT"},"hover":{"color":"CT_CSS_SKIP_RULEDEFAULT"}},"pageExcerptFont":{"family":"Default","variation":"Default","size":"CT_CSS_SKIP_RULE","line-height":"CT_CSS_SKIP_RULE","letter-spacing":"CT_CSS_SKIP_RULE","text-transform":"CT_CSS_SKIP_RULE","text-decoration":"CT_CSS_SKIP_RULE"},"pageExcerptColor":{"default":{"color":"CT_CSS_SKIP_RULEDEFAULT"}},"breadcrumbsFont":{"family":"Default","variation":"Default","size":"CT_CSS_SKIP_RULE","line-height":"CT_CSS_SKIP_RULE","letter-spacing":"CT_CSS_SKIP_RULE","text-transform":"CT_CSS_SKIP_RULE","text-decoration":"CT_CSS_SKIP_RULE"},"breadcrumbsFontColor":{"default":{"color":"CT_CSS_SKIP_RULEDEFAULT"},"initial":{"color":"CT_CSS_SKIP_RULEDEFAULT"},"hover":{"color":"CT_CSS_SKIP_RULEDEFAULT"}},"pageTitleOverlay":{"background_type":"color","background_pattern":"type-1","background_image":{"attachment_id":null,"x":0,"y":0},"gradient":"linear-gradient(135deg,rgba(6,147,227,1) 0%,rgb(155,81,224) 100%)","background_repeat":"repeat","background_size":"auto","background_attachment":"scroll","patternColor":{"default":{"color":"#e5e7ea"}},"overlayColor":{"default":{"color":"CT_CSS_SKIP_RULE"}},"backgroundColor":{"default":{"color":"CT_CSS_SKIP_RULE"}}},"pageTitleBackground":{"background_type":"color","background_pattern":"type-1","background_image":{"attachment_id":null,"x":0,"y":0},"gradient":"linear-gradient(135deg,rgba(6,147,227,1) 0%,rgb(155,81,224) 100%)","background_repeat":"repeat","background_size":"auto","background_attachment":"scroll","patternColor":{"default":{"color":"#e5e7ea"}},"overlayColor":{"default":{"color":"CT_CSS_SKIP_RULE"}},"backgroundColor":{"default":{"color":"var(--theme-palette-color-6)"}}},"pageTitlePadding":{"top":"50px","bottom":"50px","left":"auto","right":"auto","linked":true},"4e644f0df3dc2bd54a2fd9c5f4811b02":"","page_structure_type":"default","8567a3a04c64060be6cb8429ab0da8d2":"","content_style_source":"inherit","content_style":"wide","vertical_spacing_source":"custom","content_area_spacing":"none","background":{"background_type":"color","background_pattern":"type-1","background_image":{"attachment_id":null,"x":0,"y":0},"gradient":"linear-gradient(135deg,rgba(6,147,227,1) 0%,rgb(155,81,224) 100%)","background_repeat":"repeat","background_size":"auto","background_attachment":"scroll","patternColor":{"default":{"color":"#e5e7ea"}},"overlayColor":{"default":{"color":"CT_CSS_SKIP_RULE"}},"backgroundColor":{"default":{"color":"CT_CSS_SKIP_RULE"}}},"content_background":{"background_type":"color","background_pattern":"type-1","background_image":{"attachment_id":null,"x":0,"y":0},"gradient":"linear-gradient(135deg,rgba(6,147,227,1) 0%,rgb(155,81,224) 100%)","background_repeat":"repeat","background_size":"auto","background_attachment":"scroll","patternColor":{"default":{"color":"#e5e7ea"}},"overlayColor":{"default":{"color":"CT_CSS_SKIP_RULE"}},"backgroundColor":{"default":{"color":"var(--theme-palette-color-8)"}}},"content_boxed_shadow":{"inherit":false,"blur":18,"spread":-6,"v_offset":12,"h_offset":0,"inset":false,"enable":true,"color":{"color":"rgba(34, 56, 101, 0.04)"}},"boxed_content_spacing":{"desktop":{"top":"40px","bottom":"40px","left":"40px","right":"40px","linked":true},"tablet":{"top":"35px","bottom":"35px","left":"35px","right":"35px","linked":true},"mobile":{"top":"20px","bottom":"20px","left":"20px","right":"20px","linked":true}},"content_boxed_radius":{"top":"3px","bottom":"3px","left":"3px","right":"3px","linked":true},"667936e8a6950c9590e92cff7730eecd":"","disable_featured_image":"no","disable_share_box":"no","disable_header":"no","disable_footer":"no","styles_descriptor":{"styles":{"desktop":"","tablet":"","mobile":""},"google_fonts":[],"version":6}},"_links":{"self":[{"href":"https:\/\/videoprodigital.com\/index.php\/wp-json\/wp\/v2\/pages\/931","targetHints":{"allow":["GET"]}}],"collection":[{"href":"https:\/\/videoprodigital.com\/index.php\/wp-json\/wp\/v2\/pages"}],"about":[{"href":"https:\/\/videoprodigital.com\/index.php\/wp-json\/wp\/v2\/types\/page"}],"author":[{"embeddable":true,"href":"https:\/\/videoprodigital.com\/index.php\/wp-json\/wp\/v2\/users\/1"}],"replies":[{"embeddable":true,"href":"https:\/\/videoprodigital.com\/index.php\/wp-json\/wp\/v2\/comments?post=931"}],"version-history":[{"count":39,"href":"https:\/\/videoprodigital.com\/index.php\/wp-json\/wp\/v2\/pages\/931\/revisions"}],"predecessor-version":[{"id":1019,"href":"https:\/\/videoprodigital.com\/index.php\/wp-json\/wp\/v2\/pages\/931\/revisions\/1019"}],"wp:attachment":[{"href":"https:\/\/videoprodigital.com\/index.php\/wp-json\/wp\/v2\/media?parent=931"}],"curies":[{"name":"wp","href":"https:\/\/api.w.org\/{rel}","templated":true}]}}